{"id":236,"date":"2023-08-23T18:39:13","date_gmt":"2023-08-23T18:39:13","guid":{"rendered":"https:\/\/esperilla.com.mx\/abogados\/?page_id=236"},"modified":"2023-08-23T18:39:13","modified_gmt":"2023-08-23T18:39:13","slug":"alejandro-h-calderon-aguilera","status":"publish","type":"page","link":"https:\/\/cgctax.com\/english\/alejandro-h-calderon-aguilera\/","title":{"rendered":"Alejandro H. Calder\u00f3n Aguilera"},"content":{"rendered":"<div class=\"wpb-content-wrapper\"><p>[vc_row full_width=&#8221;stretch_row&#8221; css=&#8221;.vc_custom_1692815916154{background-image: url(http:\/\/cgctax.com\/wp-content\/uploads\/2023\/08\/abogados-fiscales-calderon-gonzalez-y-asociados-07.png?id=69) !important;background-position: center !important;background-repeat: no-repeat !important;background-size: cover !important;}&#8221;][vc_column][vc_empty_space][vc_row_inner][vc_column_inner width=&#8221;2\/3&#8243; css=&#8221;.vc_custom_1692126488042{border-right-width: 5px !important;padding-top: 50px !important;padding-right: 30px !important;padding-bottom: 30px !important;padding-left: 30px !important;background-color: #f9f7f7 !important;border-right-color: #d4420b !important;border-right-style: solid !important;}&#8221;][vc_column_text css=&#8221;&#8221;]<span style=\"color: #d4420b;\">THE TEAM. CALDER\u00d3N GONZ\u00c1LEZ Y ASOCIADOS<\/span>[\/vc_column_text][vc_column_text]<\/p>\n<h1 style=\"text-align: left;\"><span style=\"color: #000000;\">Alejandro H. Calder\u00f3n Aguilera<\/span><\/h1>\n<p>[\/vc_column_text][\/vc_column_inner][vc_column_inner width=&#8221;1\/3&#8243;][\/vc_column_inner][\/vc_row_inner][\/vc_column][\/vc_row][vc_row full_width=&#8221;stretch_row&#8221;][vc_column width=&#8221;1\/3&#8243;][vc_single_image image=&#8221;1121&#8243; img_size=&#8221;full&#8221; alignment=&#8221;center&#8221; css=&#8221;&#8221;][\/vc_column][vc_column width=&#8221;2\/3&#8243;][vc_column_text css=&#8221;&#8221;]<\/p>\n<p style=\"text-align: justify;\">He earned his Law degree from the National Autonomous University of Mexico (UNAM) and later completed a specialization in Tax Law at the same institution, as well as introductory studies on the Anglo-Saxon legal system at the University of Florida, United States.<\/p>\n<p style=\"text-align: justify;\">He obtained a Diploma in Advanced Studies in the Postgraduate Program in Tax Law at the University of Salamanca, Spain, and is currently a Doctoral Candidate in Tax Law at the same university.<\/p>\n<p style=\"text-align: justify;\">He is the first attorney certified as an expert in Transfer Pricing by the College of Economists and the Mexican Ministry of Education (October 2017).<br \/>\nHe serves as Professor in the International Taxation Diploma Program at the Public Accountants Association of Guadalajara and in the International Tax Law Specialization at Universidad IBERO. He previously taught International Tax Law in the Corporate Law Master\u2019s Program at Universidad An\u00e1huac (1997\u20132002), and has also been a professor at the National Polytechnic Institute and the Public Accountants Association of Mexico (1995\u20132004).<br \/>\nSince January 2022, he has served as President of the Academy of Tax Studies.<\/p>\n<p style=\"text-align: justify;\">He is an active member of the International Tax Committee of the Public Accountants Association of Mexico and of the Transfer Pricing Committee of the Mexican Institute of Public Accountants. He also serves as Academic Secretary of the Ibero-American Association of Transfer Pricing Specialists.<br \/>\nHe is President of the Transfer Pricing Committee of IFA Mexico and a member of the Executive Committee of ANEFAC Mexico. He previously served as Coordinator of the Tax Committee of the Mexican Bar Association (2003\u20132005) and as President of the Studies and Documentation Committee of the International Fiscal Association (2012\u20132014).<\/p>\n<p style=\"text-align: justify;\">He is the author of the book \u201cThe General Anti-Avoidance Rule under Article 5-A of the Federal Tax Code: An Interpretation Based on Its Nature\u201d and co-author of several publications, including \u201cInternational Tax Challenges in Ibero-America\u201d, \u201cIntroduction to Double Taxation Treaties\u201d, \u201cTreaties to Avoid Double Taxation\u201d, \u201cTransfer Pricing\u201d, and \u201cSelected Topics in Transfer Pricing\u201d, among others.<\/p>\n<p style=\"text-align: justify;\">He has been recognized as one of Mexico\u2019s leading tax attorneys by The International Who\u2019s Who of Corporate Tax Lawyers. He has been ranked as a \u201cRecommended Lawyer\u201d in tax matters by Global Counsel 3000, and since 2003 has been consistently listed as a recommended tax attorney by Latin Lawyer. Since 2009, he has been recognized as a tax specialist by Chambers Latin America, International Tax Review, and Best Lawyers in Mexico.<\/p>\n<p style=\"text-align: justify;\">He is currently a Partner at Calder\u00f3n, Gonz\u00e1lez y Asociados, S.C.\u2028Previously, he was Founding Partner and Head of the Tax Practice at Cap\u00edn, Calder\u00f3n, Ram\u00edrez y Guti\u00e9rrez-Azpe, S.C., and also served as Tax Partner at Goodrich, Riquelme y Asociados, S.C.[\/vc_column_text][\/vc_column][\/vc_row]<\/p>\n<\/div>","protected":false},"excerpt":{"rendered":"<p>[vc_row full_width=&#8221;stretch_row&#8221; css=&#8221;.vc_custom_1692815916154{background-image: url(http:\/\/cgctax.com\/wp-content\/uploads\/2023\/08\/abogados-fiscales-calderon-gonzalez-y-asociados-07.png?id=69) !important;background-position: center !important;background-repeat: no-repeat !important;background-size: cover !important;}&#8221;][vc_column][vc_empty_space][vc_row_inner][vc_column_inner width=&#8221;2\/3&#8243; css=&#8221;.vc_custom_1692126488042{border-right-width: 5px !important;padding-top: 50px !important;padding-right: 30px !important;padding-bottom: 30px !important;padding-left: 30px !important;background-color: #f9f7f7 !important;border-right-color: #d4420b !important;border-right-style: solid !important;}&#8221;][vc_column_text css=&#8221;&#8221;]THE TEAM. CALDER\u00d3N GONZ\u00c1LEZ Y ASOCIADOS[\/vc_column_text][vc_column_text] Alejandro H. Calder\u00f3n Aguilera [\/vc_column_text][\/vc_column_inner][vc_column_inner width=&#8221;1\/3&#8243;][\/vc_column_inner][\/vc_row_inner][\/vc_column][\/vc_row][vc_row full_width=&#8221;stretch_row&#8221;][vc_column width=&#8221;1\/3&#8243;][vc_single_image image=&#8221;1121&#8243; img_size=&#8221;full&#8221; alignment=&#8221;center&#8221; css=&#8221;&#8221;][\/vc_column][vc_column width=&#8221;2\/3&#8243;][vc_column_text css=&#8221;&#8221;] He earned his Law degree from [&hellip;]<\/p>\n","protected":false},"author":2,"featured_media":0,"parent":0,"menu_order":0,"comment_status":"closed","ping_status":"closed","template":"","meta":{"footnotes":""},"class_list":["post-236","page","type-page","status-publish","hentry"],"blocksy_meta":[],"_links":{"self":[{"href":"https:\/\/cgctax.com\/english\/wp-json\/wp\/v2\/pages\/236","targetHints":{"allow":["GET"]}}],"collection":[{"href":"https:\/\/cgctax.com\/english\/wp-json\/wp\/v2\/pages"}],"about":[{"href":"https:\/\/cgctax.com\/english\/wp-json\/wp\/v2\/types\/page"}],"author":[{"embeddable":true,"href":"https:\/\/cgctax.com\/english\/wp-json\/wp\/v2\/users\/2"}],"replies":[{"embeddable":true,"href":"https:\/\/cgctax.com\/english\/wp-json\/wp\/v2\/comments?post=236"}],"version-history":[{"count":0,"href":"https:\/\/cgctax.com\/english\/wp-json\/wp\/v2\/pages\/236\/revisions"}],"wp:attachment":[{"href":"https:\/\/cgctax.com\/english\/wp-json\/wp\/v2\/media?parent=236"}],"curies":[{"name":"wp","href":"https:\/\/api.w.org\/{rel}","templated":true}]}}