{"id":250,"date":"2023-08-23T18:45:12","date_gmt":"2023-08-23T18:45:12","guid":{"rendered":"https:\/\/esperilla.com.mx\/abogados\/?page_id=250"},"modified":"2023-08-23T18:45:12","modified_gmt":"2023-08-23T18:45:12","slug":"raul-german-rodriguez-y-lobato","status":"publish","type":"page","link":"https:\/\/cgctax.com\/english\/raul-german-rodriguez-y-lobato\/","title":{"rendered":"Ra\u00fal Germ\u00e1n Rodr\u00edguez Y Lobato"},"content":{"rendered":"<div class=\"wpb-content-wrapper\"><p>[vc_row full_width=&#8221;stretch_row&#8221; css=&#8221;.vc_custom_1692815916154{background-image: url(http:\/\/cgctax.com\/wp-content\/uploads\/2023\/08\/abogados-fiscales-calderon-gonzalez-y-asociados-07.png?id=69) !important;background-position: center !important;background-repeat: no-repeat !important;background-size: cover !important;}&#8221;][vc_column][vc_empty_space][vc_row_inner][vc_column_inner width=&#8221;2\/3&#8243; css=&#8221;.vc_custom_1692126488042{border-right-width: 5px !important;padding-top: 50px !important;padding-right: 30px !important;padding-bottom: 30px !important;padding-left: 30px !important;background-color: #f9f7f7 !important;border-right-color: #d4420b !important;border-right-style: solid !important;}&#8221;][vc_column_text css=&#8221;&#8221;]<span style=\"color: #d4420b;\">THE TEAM. CALDER\u00d3N GONZ\u00c1LEZ Y ASOCIADOS<\/span>[\/vc_column_text][vc_column_text]<\/p>\n<h1 style=\"text-align: left;\"><span style=\"color: #000000;\">Ra\u00fal Germ\u00e1n Rodr\u00edguez Y Lobato<\/span><\/h1>\n<p>[\/vc_column_text][\/vc_column_inner][vc_column_inner width=&#8221;1\/3&#8243;][\/vc_column_inner][\/vc_row_inner][\/vc_column][\/vc_row][vc_row full_width=&#8221;stretch_row&#8221;][vc_column width=&#8221;1\/3&#8243;][vc_single_image image=&#8221;1132&#8243; img_size=&#8221;full&#8221; alignment=&#8221;center&#8221; css=&#8221;&#8221;][\/vc_column][vc_column width=&#8221;2\/3&#8243;][vc_column_text css=&#8221;&#8221;]<\/p>\n<p style=\"text-align: justify;\">Graduate in Law from the Faculty of Law at the National Autonomous University of Mexico, with professional practice in tax law since 1969.<\/p>\n<p style=\"text-align: justify;\">Tenured Professor of Tax Law in the Bachelor\u2019s Degree program at the Law School of the National Autonomous University of Mexico since 1974.<\/p>\n<p style=\"text-align: justify;\">Postgraduate Professor at the Law School of the National Autonomous University of Mexico, teaching courses on Federal Special Taxes and Federal Administrative Appeals (1984\u20131992), Individuals and Taxes (2000\u20132013), and International Relations and Taxes (2000\u20132013).<\/p>\n<p style=\"text-align: justify;\">Postgraduate Professor specializing in Tax Law at the Escuela Libre de Derecho since 1994.<\/p>\n<p style=\"text-align: justify;\">Visiting Professor at various higher education institutions, including the Autonomous University of Tlaxcala, Ibero-American University, Autonomous University of Baja California, Center for Technical and Higher Education, Autonomous University of Hidalgo, Autonomous University of Aguascalientes, and Benito Ju\u00e1rez Autonomous University of Oaxaca.<\/p>\n<p style=\"text-align: justify;\">Author and co-author of several books on tax law, as well as numerous essays published in journals specializing in tax law.<\/p>\n<p>[\/vc_column_text][\/vc_column][\/vc_row]<\/p>\n<\/div>","protected":false},"excerpt":{"rendered":"<p>[vc_row full_width=&#8221;stretch_row&#8221; css=&#8221;.vc_custom_1692815916154{background-image: url(http:\/\/cgctax.com\/wp-content\/uploads\/2023\/08\/abogados-fiscales-calderon-gonzalez-y-asociados-07.png?id=69) !important;background-position: center !important;background-repeat: no-repeat !important;background-size: cover !important;}&#8221;][vc_column][vc_empty_space][vc_row_inner][vc_column_inner width=&#8221;2\/3&#8243; css=&#8221;.vc_custom_1692126488042{border-right-width: 5px !important;padding-top: 50px !important;padding-right: 30px !important;padding-bottom: 30px !important;padding-left: 30px !important;background-color: #f9f7f7 !important;border-right-color: #d4420b !important;border-right-style: solid !important;}&#8221;][vc_column_text css=&#8221;&#8221;]THE TEAM. CALDER\u00d3N GONZ\u00c1LEZ Y ASOCIADOS[\/vc_column_text][vc_column_text] Ra\u00fal Germ\u00e1n Rodr\u00edguez Y Lobato [\/vc_column_text][\/vc_column_inner][vc_column_inner width=&#8221;1\/3&#8243;][\/vc_column_inner][\/vc_row_inner][\/vc_column][\/vc_row][vc_row full_width=&#8221;stretch_row&#8221;][vc_column width=&#8221;1\/3&#8243;][vc_single_image image=&#8221;1132&#8243; img_size=&#8221;full&#8221; alignment=&#8221;center&#8221; css=&#8221;&#8221;][\/vc_column][vc_column width=&#8221;2\/3&#8243;][vc_column_text css=&#8221;&#8221;] Graduate in Law from the [&hellip;]<\/p>\n","protected":false},"author":2,"featured_media":0,"parent":0,"menu_order":0,"comment_status":"closed","ping_status":"closed","template":"","meta":{"footnotes":""},"class_list":["post-250","page","type-page","status-publish","hentry"],"blocksy_meta":[],"_links":{"self":[{"href":"https:\/\/cgctax.com\/english\/wp-json\/wp\/v2\/pages\/250","targetHints":{"allow":["GET"]}}],"collection":[{"href":"https:\/\/cgctax.com\/english\/wp-json\/wp\/v2\/pages"}],"about":[{"href":"https:\/\/cgctax.com\/english\/wp-json\/wp\/v2\/types\/page"}],"author":[{"embeddable":true,"href":"https:\/\/cgctax.com\/english\/wp-json\/wp\/v2\/users\/2"}],"replies":[{"embeddable":true,"href":"https:\/\/cgctax.com\/english\/wp-json\/wp\/v2\/comments?post=250"}],"version-history":[{"count":0,"href":"https:\/\/cgctax.com\/english\/wp-json\/wp\/v2\/pages\/250\/revisions"}],"wp:attachment":[{"href":"https:\/\/cgctax.com\/english\/wp-json\/wp\/v2\/media?parent=250"}],"curies":[{"name":"wp","href":"https:\/\/api.w.org\/{rel}","templated":true}]}}