{"id":258,"date":"2023-08-23T18:51:52","date_gmt":"2023-08-23T18:51:52","guid":{"rendered":"https:\/\/esperilla.com.mx\/abogados\/?page_id=258"},"modified":"2023-08-23T18:51:52","modified_gmt":"2023-08-23T18:51:52","slug":"alejandro-mora-arias","status":"publish","type":"page","link":"https:\/\/cgctax.com\/english\/alejandro-mora-arias\/","title":{"rendered":"Alejandro Mora Arias"},"content":{"rendered":"<div class=\"wpb-content-wrapper\"><p>[vc_row full_width=&#8221;stretch_row&#8221; css=&#8221;.vc_custom_1692815916154{background-image: url(http:\/\/cgctax.com\/wp-content\/uploads\/2023\/08\/abogados-fiscales-calderon-gonzalez-y-asociados-07.png?id=69) !important;background-position: center !important;background-repeat: no-repeat !important;background-size: cover !important;}&#8221;][vc_column][vc_empty_space][vc_row_inner][vc_column_inner width=&#8221;2\/3&#8243; css=&#8221;.vc_custom_1692126488042{border-right-width: 5px !important;padding-top: 50px !important;padding-right: 30px !important;padding-bottom: 30px !important;padding-left: 30px !important;background-color: #f9f7f7 !important;border-right-color: #d4420b !important;border-right-style: solid !important;}&#8221;][vc_column_text css=&#8221;&#8221;]<span style=\"color: #d4420b;\">THE TEAM. CALDER\u00d3N GONZ\u00c1LEZ Y ASOCIADOS<\/span>[\/vc_column_text][vc_column_text]<\/p>\n<h1 style=\"text-align: left;\"><span style=\"color: #000000;\">Alejandro Mora Arias<\/span><\/h1>\n<p>[\/vc_column_text][\/vc_column_inner][vc_column_inner width=&#8221;1\/3&#8243;][\/vc_column_inner][\/vc_row_inner][\/vc_column][\/vc_row][vc_row full_width=&#8221;stretch_row&#8221;][vc_column width=&#8221;1\/3&#8243;][vc_single_image image=&#8221;1122&#8243; img_size=&#8221;full&#8221; alignment=&#8221;center&#8221; css=&#8221;&#8221;][\/vc_column][vc_column width=&#8221;2\/3&#8243;][vc_column_text css=&#8221;&#8221;]<\/p>\n<p style=\"text-align: justify;\">Alejandro Mora is a distinguished attorney who earned his Law degree from Escuela Libre de Derecho, graduating with honors upon successfully defending his thesis: \u201cThe Legislator, His Inactivity and Its Unconstitutionality.\u201d<\/p>\n<p style=\"text-align: justify;\">He holds a Specialization in Amparo Law from Universidad Panamericana (Mexico City campus), where he was also recognized with honors. Additionally, he obtained a Master\u2019s degree in Constitutional Procedural Law from the Instituto de Estudios Superiores en Derecho Penal in collaboration with the Barra Mexicana, Colegio de Abogados, A.C., receiving an honorable mention.<\/p>\n<p style=\"text-align: justify;\">His academic background is complemented by numerous advanced programs, including:<br \/>\nDiploma in \u201cNew Constitutional and Legal Framework for Human Rights and Amparo\u201d (Escuela Libre de Derecho).<br \/>\nSeminar on \u201cEconomic Competition in Telecommunications\u201d (Universidad Panamericana, Federal Telecommunications Institute, and Centre for Research and Development, A.C.).<br \/>\nSeminar on \u201cFiscal Reform 2005\u201d (Mexican Bar Association, A.C.).<br \/>\nParticipation in forums such as \u201cInitiative for a New Amparo Law: Discussion and Proposals\u201d and \u201cThe Ordinary and Constitutional Defense of Taxpayers\u201d (organized by the Senate of the Republic).<br \/>\nWorkshop on \u201cCritical Analysis and Evolution of Tax Precedents\u201d (Mexican Bar Association, A.C.).<\/p>\n<p style=\"text-align: justify;\">Currently, he serves as an Advocate at Calder\u00f3n, Gonz\u00e1lez y Asociados, specializing in constitutional, administrative, and tax procedural law. His previous experience includes working as a solicitor at Cap\u00edn, Calder\u00f3n, Ram\u00edrez y Guti\u00e9rrez-Azpe, S.C., as well as serving as Legal Advisor to Commissioner Estavillo at the Federal Telecommunications Institute and to the Legislative Liaison System of the Chamber of Deputies of the Honorable Congress of the Union.<\/p>\n<p>[\/vc_column_text][\/vc_column][\/vc_row]<\/p>\n<\/div>","protected":false},"excerpt":{"rendered":"<p>[vc_row full_width=&#8221;stretch_row&#8221; css=&#8221;.vc_custom_1692815916154{background-image: url(http:\/\/cgctax.com\/wp-content\/uploads\/2023\/08\/abogados-fiscales-calderon-gonzalez-y-asociados-07.png?id=69) !important;background-position: center !important;background-repeat: no-repeat !important;background-size: cover !important;}&#8221;][vc_column][vc_empty_space][vc_row_inner][vc_column_inner width=&#8221;2\/3&#8243; css=&#8221;.vc_custom_1692126488042{border-right-width: 5px !important;padding-top: 50px !important;padding-right: 30px !important;padding-bottom: 30px !important;padding-left: 30px !important;background-color: #f9f7f7 !important;border-right-color: #d4420b !important;border-right-style: solid !important;}&#8221;][vc_column_text css=&#8221;&#8221;]THE TEAM. CALDER\u00d3N GONZ\u00c1LEZ Y ASOCIADOS[\/vc_column_text][vc_column_text] Alejandro Mora Arias [\/vc_column_text][\/vc_column_inner][vc_column_inner width=&#8221;1\/3&#8243;][\/vc_column_inner][\/vc_row_inner][\/vc_column][\/vc_row][vc_row full_width=&#8221;stretch_row&#8221;][vc_column width=&#8221;1\/3&#8243;][vc_single_image image=&#8221;1122&#8243; img_size=&#8221;full&#8221; alignment=&#8221;center&#8221; css=&#8221;&#8221;][\/vc_column][vc_column width=&#8221;2\/3&#8243;][vc_column_text css=&#8221;&#8221;] Alejandro Mora is a distinguished attorney who [&hellip;]<\/p>\n","protected":false},"author":2,"featured_media":0,"parent":0,"menu_order":0,"comment_status":"closed","ping_status":"closed","template":"","meta":{"footnotes":""},"class_list":["post-258","page","type-page","status-publish","hentry"],"blocksy_meta":[],"_links":{"self":[{"href":"https:\/\/cgctax.com\/english\/wp-json\/wp\/v2\/pages\/258","targetHints":{"allow":["GET"]}}],"collection":[{"href":"https:\/\/cgctax.com\/english\/wp-json\/wp\/v2\/pages"}],"about":[{"href":"https:\/\/cgctax.com\/english\/wp-json\/wp\/v2\/types\/page"}],"author":[{"embeddable":true,"href":"https:\/\/cgctax.com\/english\/wp-json\/wp\/v2\/users\/2"}],"replies":[{"embeddable":true,"href":"https:\/\/cgctax.com\/english\/wp-json\/wp\/v2\/comments?post=258"}],"version-history":[{"count":0,"href":"https:\/\/cgctax.com\/english\/wp-json\/wp\/v2\/pages\/258\/revisions"}],"wp:attachment":[{"href":"https:\/\/cgctax.com\/english\/wp-json\/wp\/v2\/media?parent=258"}],"curies":[{"name":"wp","href":"https:\/\/api.w.org\/{rel}","templated":true}]}}